{"id":163,"date":"2016-04-08T11:01:54","date_gmt":"2016-04-08T09:01:54","guid":{"rendered":"http:\/\/www.zoo-roco.ch\/news\/?page_id=163"},"modified":"2022-12-06T16:14:01","modified_gmt":"2022-12-06T15:14:01","slug":"news","status":"publish","type":"page","link":"https:\/\/www.zoo-roco.ch\/news\/","title":{"rendered":"Tiershop News"},"content":{"rendered":"<h1>Haustiere News &#8211; Neuigkeiten rund um Haustiere Zoo Roco AG<\/h1>\n<h2>Schweizer Zoohandlung \/ Zoofachgesch\u00e4ft (Tierhandlung) f\u00fcr Haustiere \/ Kleintiere seit 1988<\/h2>\n<p>Informieren Sie sich laufend \u00fcber die neusten Themen aus der Tierwelt sowie \u00fcber die neustens Trends, Highlights und neuen Produkte erh\u00e4ltlich in unserem online <a href=\"\/\/www.zoo-roco.ch\">Tiershop<\/a> f\u00fcr Tierbedarf, Tierfutter und Tierzubeh\u00f6r.<\/p>\n<p>Profitieren Sie dank unserem News-Bereich zus\u00e4tzlich von mehr wertvollem Fachwissen sowie Tipps und Tricks rund um unsere Haustiere dank Fachwissen aus langj\u00e4hriger Erfahrung.<\/p>\n<p>Selbstverst\u00e4ndlich w\u00fcrden wir uns tierisch \u00fcber einen pers\u00f6nlichen Besuch von Ihnen im <a href=\"https:\/\/www.zoo-roco.ch\/zoo-roco\/zoohandlung\/\">Zoofachgesch\u00e4ft<\/a> in Lyss (Bern) freuen &#8211; wir beraten Sie tierisch gerne!<\/p>\n<p>Ihr Zoo Roco Team<\/p>\n<hr \/>\n<h2>Neuste Newsmeldungen<\/h2>\n<!-- NOTE: If you need to make changes to this file, copy it to your current theme's main\n\tdirectory so your changes won't be overwritten when the plugin is upgraded. -->\n\n<!-- Start of Post Wrap -->\n<div class=\"post hentry ivycat-post\">\n\t<!-- This is the output of the post TITLE -->\n\t<h2 class=\"entry-title\"><a href=\"https:\/\/www.zoo-roco.ch\/news\/kommen-sie-mit-uns-auf-eine-reise-zu-den-wasservoegeln-der-schweiz\/\">Kommen Sie mit uns auf eine Reise zu den Wasserv\u00f6geln der Schweiz<\/a><\/h2>\n\t<div class=\"entry-meta\"><span class=\"posted-on\">Ver&ouml;ffentlicht am 26. M\u00e4rz 2026<\/span><\/div>\n\n\t<div class=\"entry-thumb\">\n\t<img loading=\"lazy\" decoding=\"async\" width=\"1000\" height=\"667\" src=\"https:\/\/www.zoo-roco.ch\/news\/wp-content\/uploads\/shutterstock_26723791411.jpg\" class=\"attachment-post-thumbnail size-post-thumbnail wp-post-image\" alt=\"\" srcset=\"https:\/\/www.zoo-roco.ch\/news\/wp-content\/uploads\/shutterstock_26723791411.jpg 1000w, https:\/\/www.zoo-roco.ch\/news\/wp-content\/uploads\/shutterstock_26723791411-300x200.jpg 300w\" sizes=\"(max-width: 709px) 85vw, (max-width: 909px) 67vw, (max-width: 984px) 60vw, (max-width: 1362px) 62vw, 840px\" \/>\t<\/div>\n\n\t<!-- This is the output of the EXCERPT -->\n\t<div class=\"entry-content home\">\n\t\t<p>Seit ich ein kleines Kind bin fahre ich regelm\u00e4ssig mit meinen Eltern nach Estavayer-le-Lac um zu segeln. Wir haben ein kleines Segelschiff im Hafen welches auch regelm\u00e4ssig als Nistplatz f\u00fcr diverse Wasserv\u00f6gel genutzt wird. Schon immer habe ich es faszinierend gefunden, wie nahe man diesen Tieren ist, wenn man viel Zeit auf dem Schiff verbringt. &hellip; <a href=\"https:\/\/www.zoo-roco.ch\/news\/kommen-sie-mit-uns-auf-eine-reise-zu-den-wasservoegeln-der-schweiz\/\" class=\"more-link\"><span class=\"screen-reader-text\">Kommen Sie mit uns auf eine Reise zu den Wasserv\u00f6geln der Schweiz <\/span> Weiterlesen<\/a><\/p>\n\t<\/div>\n\n<\/div>\n<!-- \/\/ End of Post Wrap -->\n<!-- NOTE: If you need to make changes to this file, copy it to your current theme's main\n\tdirectory so your changes won't be overwritten when the plugin is upgraded. -->\n\n<!-- Start of Post Wrap -->\n<div class=\"post hentry ivycat-post\">\n\t<!-- This is the output of the post TITLE -->\n\t<h2 class=\"entry-title\"><a href=\"https:\/\/www.zoo-roco.ch\/news\/hunde-spielzeuge-so-foerdern-sie-mentale-gesundheit\/\">Hunde Spielzeuge: So f\u00f6rdern Sie mentale Gesundheit<\/a><\/h2>\n\t<div class=\"entry-meta\"><span class=\"posted-on\">Ver&ouml;ffentlicht am 22. Februar 2026<\/span><\/div>\n\n\t<div class=\"entry-thumb\">\n\t<img loading=\"lazy\" decoding=\"async\" width=\"1200\" height=\"522\" src=\"https:\/\/www.zoo-roco.ch\/news\/wp-content\/uploads\/innovative-spielzeuge-fuer-hunde-so-foerdern-sie-hunde-680616-1200x522.webp\" class=\"attachment-post-thumbnail size-post-thumbnail wp-post-image\" alt=\"Innovative Hundespielzeuge\" srcset=\"https:\/\/www.zoo-roco.ch\/news\/wp-content\/uploads\/innovative-spielzeuge-fuer-hunde-so-foerdern-sie-hunde-680616-1200x522.webp 1200w, https:\/\/www.zoo-roco.ch\/news\/wp-content\/uploads\/innovative-spielzeuge-fuer-hunde-so-foerdern-sie-hunde-680616-300x131.webp 300w, https:\/\/www.zoo-roco.ch\/news\/wp-content\/uploads\/innovative-spielzeuge-fuer-hunde-so-foerdern-sie-hunde-680616-1024x446.webp 1024w, https:\/\/www.zoo-roco.ch\/news\/wp-content\/uploads\/innovative-spielzeuge-fuer-hunde-so-foerdern-sie-hunde-680616.webp 1376w\" sizes=\"(max-width: 709px) 85vw, (max-width: 909px) 67vw, (max-width: 984px) 60vw, (max-width: 1362px) 62vw, 840px\" \/>\t<\/div>\n\n\t<!-- This is the output of the EXCERPT -->\n\t<div class=\"entry-content home\">\n\t\t<p>Hunde brauchen mehr als nur Futter und Bewegung. Viele wollen auch denken, lernen, Dinge ausprobieren und manchmal richtig knobeln (ja, wirklich). Im Alltag fehlt daf\u00fcr aber oft die Zeit oder einfach der Platz in der Wohnung. Genau hier setzen innovative Spielzeuge f\u00fcr Hunde an. Sie helfen beim Denken und sorgen nebenbei f\u00fcr sp\u00fcrbar mehr Ruhe &hellip; <a href=\"https:\/\/www.zoo-roco.ch\/news\/hunde-spielzeuge-so-foerdern-sie-mentale-gesundheit\/\" class=\"more-link\"><span class=\"screen-reader-text\">Hunde Spielzeuge: So f\u00f6rdern Sie mentale Gesundheit <\/span> Weiterlesen<\/a><\/p>\n\t<\/div>\n\n<\/div>\n<!-- \/\/ End of Post Wrap -->\n<!-- NOTE: If you need to make changes to this file, copy it to your current theme's main\n\tdirectory so your changes won't be overwritten when the plugin is upgraded. -->\n\n<!-- Start of Post Wrap -->\n<div class=\"post hentry ivycat-post\">\n\t<!-- This is the output of the post TITLE -->\n\t<h2 class=\"entry-title\"><a href=\"https:\/\/www.zoo-roco.ch\/news\/jbl-pronovo-lotl-artgerechtes-futter-fuer-gesunde-axolotl\/\">JBL ProNovo LOTL \u2013 artgerechtes Futter f\u00fcr gesunde Axolotl<\/a><\/h2>\n\t<div class=\"entry-meta\"><span class=\"posted-on\">Ver&ouml;ffentlicht am 3. Januar 2026<\/span><\/div>\n\n\t<div class=\"entry-thumb\">\n\t<img loading=\"lazy\" decoding=\"async\" width=\"1200\" height=\"456\" src=\"https:\/\/www.zoo-roco.ch\/news\/wp-content\/uploads\/axolotl-haltung-und-fuetterung.jpg\" class=\"attachment-post-thumbnail size-post-thumbnail wp-post-image\" alt=\"\" srcset=\"https:\/\/www.zoo-roco.ch\/news\/wp-content\/uploads\/axolotl-haltung-und-fuetterung.jpg 1200w, https:\/\/www.zoo-roco.ch\/news\/wp-content\/uploads\/axolotl-haltung-und-fuetterung-300x114.jpg 300w, https:\/\/www.zoo-roco.ch\/news\/wp-content\/uploads\/axolotl-haltung-und-fuetterung-1024x389.jpg 1024w\" sizes=\"(max-width: 709px) 85vw, (max-width: 909px) 67vw, (max-width: 984px) 60vw, (max-width: 1362px) 62vw, 840px\" \/>\t<\/div>\n\n\t<!-- This is the output of the EXCERPT -->\n\t<div class=\"entry-content home\">\n\t\t<p>Axolotl geh\u00f6ren zu den faszinierendsten Aquarientieren \u00fcberhaupt. Damit sie gesund bleiben, gut wachsen und Ihnen lange Freude bereiten, spielt die richtige Ern\u00e4hrung eine entscheidende Rolle. Mit JBL ProNovo LOTL bietet JBL ein Futter, das speziell auf die Bed\u00fcrfnisse dieser besonderen Tiere abgestimmt wurde. In diesem Beitrag erkl\u00e4ren wir Ihnen, warum dieses Futter so gut zu &hellip; <a href=\"https:\/\/www.zoo-roco.ch\/news\/jbl-pronovo-lotl-artgerechtes-futter-fuer-gesunde-axolotl\/\" class=\"more-link\"><span class=\"screen-reader-text\">JBL ProNovo LOTL \u2013 artgerechtes Futter f\u00fcr gesunde Axolotl <\/span> Weiterlesen<\/a><\/p>\n\t<\/div>\n\n<\/div>\n<!-- \/\/ End of Post Wrap -->\n<!-- NOTE: If you need to make changes to this file, copy it to your current theme's main\n\tdirectory so your changes won't be overwritten when the plugin is upgraded. -->\n\n<!-- Start of Post Wrap -->\n<div class=\"post hentry ivycat-post\">\n\t<!-- This is the output of the post TITLE -->\n\t<h2 class=\"entry-title\"><a href=\"https:\/\/www.zoo-roco.ch\/news\/aquascaping-fuer-fortgeschrittene\/\">Aquascaping f\u00fcr Fortgeschrittene &#8211; Techniken nach dem Nature Aquarium-Stil<\/a><\/h2>\n\t<div class=\"entry-meta\"><span class=\"posted-on\">Ver&ouml;ffentlicht am 23. Dezember 2025<\/span><\/div>\n\n\t<div class=\"entry-thumb\">\n\t<img loading=\"lazy\" decoding=\"async\" width=\"1200\" height=\"670\" src=\"https:\/\/www.zoo-roco.ch\/news\/wp-content\/uploads\/article-1766297237090-1200x670.webp\" class=\"attachment-post-thumbnail size-post-thumbnail wp-post-image\" alt=\"\" srcset=\"https:\/\/www.zoo-roco.ch\/news\/wp-content\/uploads\/article-1766297237090-1200x670.webp 1200w, https:\/\/www.zoo-roco.ch\/news\/wp-content\/uploads\/article-1766297237090-300x167.webp 300w, https:\/\/www.zoo-roco.ch\/news\/wp-content\/uploads\/article-1766297237090-1024x572.webp 1024w, https:\/\/www.zoo-roco.ch\/news\/wp-content\/uploads\/article-1766297237090.webp 1376w\" sizes=\"(max-width: 709px) 85vw, (max-width: 909px) 67vw, (max-width: 984px) 60vw, (max-width: 1362px) 62vw, 840px\" \/>\t<\/div>\n\n\t<!-- This is the output of the EXCERPT -->\n\t<div class=\"entry-content home\">\n\t\t<p>F\u00fcr viele erfahrene Aquarianer ist Aquascaping l\u00e4ngst mehr als nur das Einrichten eines Beckens. Zudem f\u00fchlt es sich oft wie eine kleine Kunst an, bei der Pflanzen, Steine und Wasser die Farben auf einer lebendigen Leinwand bilden. Es erinnert an Malerei, nur dass die \u201eWerkzeuge\u201c leben und manchmal etwas Geduld ben\u00f6tigen. Besonders gefragt ist weiterhin &hellip; <a href=\"https:\/\/www.zoo-roco.ch\/news\/aquascaping-fuer-fortgeschrittene\/\" class=\"more-link\"><span class=\"screen-reader-text\">Aquascaping f\u00fcr Fortgeschrittene &#8211; Techniken nach dem Nature Aquarium-Stil <\/span> Weiterlesen<\/a><\/p>\n\t<\/div>\n\n<\/div>\n<!-- \/\/ End of Post Wrap -->\n<!-- NOTE: If you need to make changes to this file, copy it to your current theme's main\n\tdirectory so your changes won't be overwritten when the plugin is upgraded. -->\n\n<!-- Start of Post Wrap -->\n<div class=\"post hentry ivycat-post\">\n\t<!-- This is the output of the post TITLE -->\n\t<h2 class=\"entry-title\"><a href=\"https:\/\/www.zoo-roco.ch\/news\/presse-bieler-tagblatt-regional\/\">Presse &#8211; Bieler Tagblatt &#8211; Regional<\/a><\/h2>\n\t<div class=\"entry-meta\"><span class=\"posted-on\">Ver&ouml;ffentlicht am 27. Oktober 2025<\/span><\/div>\n\n\t<div class=\"entry-thumb\">\n\t<img loading=\"lazy\" decoding=\"async\" width=\"1109\" height=\"404\" src=\"https:\/\/www.zoo-roco.ch\/news\/wp-content\/uploads\/BT-Regional-06-10-2025.jpg\" class=\"attachment-post-thumbnail size-post-thumbnail wp-post-image\" alt=\"\" srcset=\"https:\/\/www.zoo-roco.ch\/news\/wp-content\/uploads\/BT-Regional-06-10-2025.jpg 1109w, https:\/\/www.zoo-roco.ch\/news\/wp-content\/uploads\/BT-Regional-06-10-2025-300x109.jpg 300w, https:\/\/www.zoo-roco.ch\/news\/wp-content\/uploads\/BT-Regional-06-10-2025-1024x373.jpg 1024w\" sizes=\"(max-width: 709px) 85vw, (max-width: 909px) 67vw, (max-width: 984px) 60vw, (max-width: 1362px) 62vw, 840px\" \/>\t<\/div>\n\n\t<!-- This is the output of the EXCERPT -->\n\t<div class=\"entry-content home\">\n\t\t<p>Balthasar, unsere Katze wartet schon vor der T\u00fcr, wenn ich am Morgen komme. Er ist uns vor sechs Jahren zugelaufen und geh\u00f6rt jetzt einfach dazu. Er kommt mit mir rein, kriegt sein Futter \u2013 und dann beginnt mein Tag im Zoo Roco in Lyss. Ich bin ein positiv denkender Mensch. \u00dcberall wo ich bin, versuche &hellip; <a href=\"https:\/\/www.zoo-roco.ch\/news\/presse-bieler-tagblatt-regional\/\" class=\"more-link\"><span class=\"screen-reader-text\">Presse &#8211; Bieler Tagblatt &#8211; Regional <\/span> Weiterlesen<\/a><\/p>\n\t<\/div>\n\n<\/div>\n<!-- \/\/ End of Post Wrap -->\n<!-- NOTE: If you need to make changes to this file, copy it to your current theme's main\n\tdirectory so your changes won't be overwritten when the plugin is upgraded. -->\n\n<!-- Start of Post Wrap -->\n<div class=\"post hentry ivycat-post\">\n\t<!-- This is the output of the post TITLE -->\n\t<h2 class=\"entry-title\"><a href=\"https:\/\/www.zoo-roco.ch\/news\/suprabeam-lampen-die-perfekte-beleuchtung-fuer-jede-situation\/\">Suprabeam Lampen: Die perfekte Beleuchtung f\u00fcr jede Situation<\/a><\/h2>\n\t<div class=\"entry-meta\"><span class=\"posted-on\">Ver&ouml;ffentlicht am 22. Oktober 2025<\/span><\/div>\n\n\t<div class=\"entry-thumb\">\n\t<img loading=\"lazy\" decoding=\"async\" width=\"800\" height=\"418\" src=\"https:\/\/www.zoo-roco.ch\/news\/wp-content\/uploads\/suprabeam-logo.jpg\" class=\"attachment-post-thumbnail size-post-thumbnail wp-post-image\" alt=\"\" srcset=\"https:\/\/www.zoo-roco.ch\/news\/wp-content\/uploads\/suprabeam-logo.jpg 800w, https:\/\/www.zoo-roco.ch\/news\/wp-content\/uploads\/suprabeam-logo-300x157.jpg 300w\" sizes=\"(max-width: 709px) 85vw, (max-width: 909px) 67vw, (max-width: 984px) 60vw, (max-width: 1362px) 62vw, 840px\" \/>\t<\/div>\n\n\t<!-- This is the output of the EXCERPT -->\n\t<div class=\"entry-content home\">\n\t\t<p>Mit Suprabeam Taschenlampen und Stirnlampen haben Hundebesitzer immer die richtige Beleuchtung \u2013 sei es beim n\u00e4chtlichen Spaziergang oder zu Hause. Kompakt, leistungsstark und langlebig bieten diese Lampen klare Sicht und mehr Sicherheit f\u00fcr dich und deinen Hund. Warum die Wahl von Suprabeam Lampen? Habt Ihr auch das Problem, dass ihr nachts im Wald unterwegs seid &hellip; <a href=\"https:\/\/www.zoo-roco.ch\/news\/suprabeam-lampen-die-perfekte-beleuchtung-fuer-jede-situation\/\" class=\"more-link\"><span class=\"screen-reader-text\">Suprabeam Lampen: Die perfekte Beleuchtung f\u00fcr jede Situation <\/span> Weiterlesen<\/a><\/p>\n\t<\/div>\n\n<\/div>\n<!-- \/\/ End of Post Wrap -->\n<!-- NOTE: If you need to make changes to this file, copy it to your current theme's main\n\tdirectory so your changes won't be overwritten when the plugin is upgraded. -->\n\n<!-- Start of Post Wrap -->\n<div class=\"post hentry ivycat-post\">\n\t<!-- This is the output of the post TITLE -->\n\t<h2 class=\"entry-title\"><a href=\"https:\/\/www.zoo-roco.ch\/news\/welches-haustier-passt-zu-mir-der-grosse-vergleich\/\">Welches Haustier passt zu mir? \u2013 Der grosse Vergleich<\/a><\/h2>\n\t<div class=\"entry-meta\"><span class=\"posted-on\">Ver&ouml;ffentlicht am 20. Juli 2025<\/span><\/div>\n\n\t<div class=\"entry-thumb\">\n\t<img loading=\"lazy\" decoding=\"async\" width=\"1200\" height=\"444\" src=\"https:\/\/www.zoo-roco.ch\/news\/wp-content\/uploads\/welches_tier_passt_236290273-1200x444.jpg\" class=\"attachment-post-thumbnail size-post-thumbnail wp-post-image\" alt=\"\" srcset=\"https:\/\/www.zoo-roco.ch\/news\/wp-content\/uploads\/welches_tier_passt_236290273-1200x444.jpg 1200w, https:\/\/www.zoo-roco.ch\/news\/wp-content\/uploads\/welches_tier_passt_236290273-300x111.jpg 300w, https:\/\/www.zoo-roco.ch\/news\/wp-content\/uploads\/welches_tier_passt_236290273-1024x379.jpg 1024w, https:\/\/www.zoo-roco.ch\/news\/wp-content\/uploads\/welches_tier_passt_236290273.jpg 1500w\" sizes=\"(max-width: 709px) 85vw, (max-width: 909px) 67vw, (max-width: 984px) 60vw, (max-width: 1362px) 62vw, 840px\" \/>\t<\/div>\n\n\t<!-- This is the output of the EXCERPT -->\n\t<div class=\"entry-content home\">\n\t\t<p>Einleitung:Finde heraus, welches Haustier zu deinem Lebensstil passt. Hunde, Katzen, Kleintiere oder Fische? Wir geben in diesem Blog Hilfestellung zu dieser Frage. Warum die Wahl des richtigen Haustiers so wichtig ist Ein Tier ist kein Spielzeug, sondern ein lebendiges Wesen mit Bed\u00fcrfnissen. Wer sich voreilig entscheidet, riskiert Frust \u2013 bei Mensch und Tier. Folgende \u00dcberlegungen &hellip; <a href=\"https:\/\/www.zoo-roco.ch\/news\/welches-haustier-passt-zu-mir-der-grosse-vergleich\/\" class=\"more-link\"><span class=\"screen-reader-text\">Welches Haustier passt zu mir? \u2013 Der grosse Vergleich <\/span> Weiterlesen<\/a><\/p>\n\t<\/div>\n\n<\/div>\n<!-- \/\/ End of Post Wrap -->\n<!-- NOTE: If you need to make changes to this file, copy it to your current theme's main\n\tdirectory so your changes won't be overwritten when the plugin is upgraded. -->\n\n<!-- Start of Post Wrap -->\n<div class=\"post hentry ivycat-post\">\n\t<!-- This is the output of the post TITLE -->\n\t<h2 class=\"entry-title\"><a href=\"https:\/\/www.zoo-roco.ch\/news\/kaninchen-auf-dem-balkon-lebensraum-fuer-bunnys\/\">Kaninchen auf dem Balkon &#8211; Lebensraum f\u00fcr Bunnys<\/a><\/h2>\n\t<div class=\"entry-meta\"><span class=\"posted-on\">Ver&ouml;ffentlicht am 17. Juni 2025<\/span><\/div>\n\n\t<div class=\"entry-thumb\">\n\t<img loading=\"lazy\" decoding=\"async\" width=\"1200\" height=\"406\" src=\"https:\/\/www.zoo-roco.ch\/news\/wp-content\/uploads\/blog-kaninchen-1200x406.jpg\" class=\"attachment-post-thumbnail size-post-thumbnail wp-post-image\" alt=\"Kaninchen Blog\" srcset=\"https:\/\/www.zoo-roco.ch\/news\/wp-content\/uploads\/blog-kaninchen-1200x406.jpg 1200w, https:\/\/www.zoo-roco.ch\/news\/wp-content\/uploads\/blog-kaninchen-300x102.jpg 300w, https:\/\/www.zoo-roco.ch\/news\/wp-content\/uploads\/blog-kaninchen-1024x347.jpg 1024w, https:\/\/www.zoo-roco.ch\/news\/wp-content\/uploads\/blog-kaninchen-1536x520.jpg 1536w, https:\/\/www.zoo-roco.ch\/news\/wp-content\/uploads\/blog-kaninchen.jpg 1920w\" sizes=\"(max-width: 709px) 85vw, (max-width: 909px) 67vw, (max-width: 984px) 60vw, (max-width: 1362px) 62vw, 840px\" \/>\t<\/div>\n\n\t<!-- This is the output of the EXCERPT -->\n\t<div class=\"entry-content home\">\n\t\t<p>Kaninchen auf den Balkon halten geht das \u00fcberhaupt ? Viele Stadtbewohner fragen sich, ob sie ihre Kaninchen auch auf einem Balkon halten k\u00f6nnen. Schliesslich haben Kaninchen in freier Wildbahn viel Platz und Bewegungsfreiheit und ein Balkon ist oft deutlich kleiner. Doch mit der richtigen Vorbereitung und den passenden Vorkehrungen kann der Balkon tats\u00e4chlich ein idealer &hellip; <a href=\"https:\/\/www.zoo-roco.ch\/news\/kaninchen-auf-dem-balkon-lebensraum-fuer-bunnys\/\" class=\"more-link\"><span class=\"screen-reader-text\">Kaninchen auf dem Balkon &#8211; Lebensraum f\u00fcr Bunnys <\/span> Weiterlesen<\/a><\/p>\n\t<\/div>\n\n<\/div>\n<!-- \/\/ End of Post Wrap -->\n<!-- NOTE: If you need to make changes to this file, copy it to your current theme's main\n\tdirectory so your changes won't be overwritten when the plugin is upgraded. -->\n\n<!-- Start of Post Wrap -->\n<div class=\"post hentry ivycat-post\">\n\t<!-- This is the output of the post TITLE -->\n\t<h2 class=\"entry-title\"><a href=\"https:\/\/www.zoo-roco.ch\/news\/allgemeine-sachen-ueber-katzen\/\">Allgemeine Sachen \u00fcber Katzen<\/a><\/h2>\n\t<div class=\"entry-meta\"><span class=\"posted-on\">Ver&ouml;ffentlicht am 11. Juni 2025<\/span><\/div>\n\n\t<div class=\"entry-thumb\">\n\t<img loading=\"lazy\" decoding=\"async\" width=\"1200\" height=\"406\" src=\"https:\/\/www.zoo-roco.ch\/news\/wp-content\/uploads\/katzen-informationen-1200x406.jpg\" class=\"attachment-post-thumbnail size-post-thumbnail wp-post-image\" alt=\"\" srcset=\"https:\/\/www.zoo-roco.ch\/news\/wp-content\/uploads\/katzen-informationen-1200x406.jpg 1200w, https:\/\/www.zoo-roco.ch\/news\/wp-content\/uploads\/katzen-informationen-300x102.jpg 300w, https:\/\/www.zoo-roco.ch\/news\/wp-content\/uploads\/katzen-informationen-1024x347.jpg 1024w, https:\/\/www.zoo-roco.ch\/news\/wp-content\/uploads\/katzen-informationen-1536x520.jpg 1536w, https:\/\/www.zoo-roco.ch\/news\/wp-content\/uploads\/katzen-informationen.jpg 1920w\" sizes=\"(max-width: 709px) 85vw, (max-width: 909px) 67vw, (max-width: 984px) 60vw, (max-width: 1362px) 62vw, 840px\" \/>\t<\/div>\n\n\t<!-- This is the output of the EXCERPT -->\n\t<div class=\"entry-content home\">\n\t\t<p>10 Allgemeine Fragen \u00fcber Katzen Wie alt k\u00f6nnen Katzen werden? Wie viel Schlaf braucht eine Katze? Warum schnurren Katzen? Wie viele Katzenrassen gibt es? Wie oft sollte man Katzen f\u00fcttern? Was d\u00fcrfen Katzen nicht essen? Wie werden Katzenbabys genannt? Ab wann d\u00fcrfen Katzenbabys von der Mutter getrennt werden? Wie lange schlafen Katzenbabys? Wann \u00f6ffnen die &hellip; <a href=\"https:\/\/www.zoo-roco.ch\/news\/allgemeine-sachen-ueber-katzen\/\" class=\"more-link\"><span class=\"screen-reader-text\">Allgemeine Sachen \u00fcber Katzen <\/span> Weiterlesen<\/a><\/p>\n\t<\/div>\n\n<\/div>\n<!-- \/\/ End of Post Wrap -->\n<!-- NOTE: If you need to make changes to this file, copy it to your current theme's main\n\tdirectory so your changes won't be overwritten when the plugin is upgraded. -->\n\n<!-- Start of Post Wrap -->\n<div class=\"post hentry ivycat-post\">\n\t<!-- This is the output of the post TITLE -->\n\t<h2 class=\"entry-title\"><a href=\"https:\/\/www.zoo-roco.ch\/news\/die-asiatische-hornisse-bedrohung-oder-missverstandenes-insekt\/\">Die asiatische Hornisse \u2013 Bedrohung oder missverstandenes Insekt?<\/a><\/h2>\n\t<div class=\"entry-meta\"><span class=\"posted-on\">Ver&ouml;ffentlicht am 20. M\u00e4rz 2025<\/span><\/div>\n\n\t<div class=\"entry-thumb\">\n\t<img loading=\"lazy\" decoding=\"async\" width=\"1000\" height=\"562\" src=\"https:\/\/www.zoo-roco.ch\/news\/wp-content\/uploads\/asiatische-hornisse.jpg\" class=\"attachment-post-thumbnail size-post-thumbnail wp-post-image\" alt=\"Nest der Asiatischen Hornisse\" srcset=\"https:\/\/www.zoo-roco.ch\/news\/wp-content\/uploads\/asiatische-hornisse.jpg 1000w, https:\/\/www.zoo-roco.ch\/news\/wp-content\/uploads\/asiatische-hornisse-300x169.jpg 300w\" sizes=\"(max-width: 709px) 85vw, (max-width: 909px) 67vw, (max-width: 984px) 60vw, (max-width: 1362px) 62vw, 840px\" \/>\t<\/div>\n\n\t<!-- This is the output of the EXCERPT -->\n\t<div class=\"entry-content home\">\n\t\t<p>Die Asiatische Hornisse &#8211; auch Killer Hornisse genannt, tritt in der Schweiz immer h\u00e4ufiger auf. F\u00fcr uns einen Grund, uns dieses Insekt einmal genauer anzuschauen. Ursprung und Verbreitung Die Asiatische Hornisse (Vespa velutina) stammt urspr\u00fcnglich aus S\u00fcdostasien, insbesondere aus L\u00e4ndern wie China, Indien und Thailand. Im Jahr 2004 wurde sie erstmals in Frankreich gesichtet, nachdem &hellip; <a href=\"https:\/\/www.zoo-roco.ch\/news\/die-asiatische-hornisse-bedrohung-oder-missverstandenes-insekt\/\" class=\"more-link\"><span class=\"screen-reader-text\">Die asiatische Hornisse \u2013 Bedrohung oder missverstandenes Insekt? <\/span> Weiterlesen<\/a><\/p>\n\t<\/div>\n\n<\/div>\n<!-- \/\/ End of Post Wrap -->\n\n","protected":false},"excerpt":{"rendered":"<p>Haustiere News &#8211; Neuigkeiten rund um Haustiere Zoo Roco AG Schweizer Zoohandlung \/ Zoofachgesch\u00e4ft (Tierhandlung) f\u00fcr Haustiere \/ Kleintiere seit 1988 Informieren Sie sich laufend \u00fcber die neusten Themen aus der Tierwelt sowie \u00fcber die neustens Trends, Highlights und neuen Produkte erh\u00e4ltlich in unserem online Tiershop f\u00fcr Tierbedarf, Tierfutter und Tierzubeh\u00f6r. Profitieren Sie dank unserem &hellip; <a href=\"https:\/\/www.zoo-roco.ch\/news\/die-asiatische-hornisse-bedrohung-oder-missverstandenes-insekt\/\" class=\"more-link\"><span class=\"screen-reader-text\">Die asiatische Hornisse \u2013 Bedrohung oder missverstandenes Insekt? <\/span> Weiterlesen<\/a><\/p>\n","protected":false},"author":1,"featured_media":0,"parent":0,"menu_order":0,"comment_status":"closed","ping_status":"closed","template":"","meta":{"_monsterinsights_skip_tracking":false,"_monsterinsights_sitenote_active":false,"_monsterinsights_sitenote_note":"","_monsterinsights_sitenote_category":0,"footnotes":""},"class_list":["post-163","page","type-page","status-publish","hentry"],"_links":{"self":[{"href":"https:\/\/www.zoo-roco.ch\/news\/wp-json\/wp\/v2\/pages\/163"}],"collection":[{"href":"https:\/\/www.zoo-roco.ch\/news\/wp-json\/wp\/v2\/pages"}],"about":[{"href":"https:\/\/www.zoo-roco.ch\/news\/wp-json\/wp\/v2\/types\/page"}],"author":[{"embeddable":true,"href":"https:\/\/www.zoo-roco.ch\/news\/wp-json\/wp\/v2\/users\/1"}],"replies":[{"embeddable":true,"href":"https:\/\/www.zoo-roco.ch\/news\/wp-json\/wp\/v2\/comments?post=163"}],"version-history":[{"count":4,"href":"https:\/\/www.zoo-roco.ch\/news\/wp-json\/wp\/v2\/pages\/163\/revisions"}],"predecessor-version":[{"id":5878,"href":"https:\/\/www.zoo-roco.ch\/news\/wp-json\/wp\/v2\/pages\/163\/revisions\/5878"}],"wp:attachment":[{"href":"https:\/\/www.zoo-roco.ch\/news\/wp-json\/wp\/v2\/media?parent=163"}],"curies":[{"name":"wp","href":"https:\/\/api.w.org\/{rel}","templated":true}]}}